{"id":2,"date":"2014-03-17T11:13:45","date_gmt":"2014-03-17T11:13:45","guid":{"rendered":"http:\/\/www.brode-art.eu\/?page_id=2"},"modified":"2022-08-29T12:51:41","modified_gmt":"2022-08-29T11:51:41","slug":"page-d-exemple","status":"publish","type":"page","link":"http:\/\/www.brode-art.eu\/?page_id=2","title":{"rendered":"La Broderie d&rsquo;Art"},"content":{"rendered":"<p><strong>Notre d\u00e9finition de la Broderie d&rsquo;Art est la suivante<\/strong> :&nbsp;&nbsp;&nbsp;&nbsp;&nbsp;&nbsp;&nbsp;&nbsp;&nbsp;&nbsp;&nbsp;&nbsp;&nbsp;&nbsp;&nbsp;&nbsp;&nbsp;&nbsp;&nbsp;&nbsp;&nbsp;&nbsp;&nbsp;&nbsp;&nbsp;&nbsp;&nbsp;&nbsp;&nbsp;&nbsp;&nbsp;&nbsp;&nbsp;&nbsp;&nbsp;&nbsp;&nbsp;&nbsp;&nbsp;&nbsp;&nbsp;&nbsp;&nbsp;&nbsp;&nbsp;&nbsp;&nbsp;&nbsp;&nbsp;&nbsp;&nbsp;&nbsp; <a href=\"http:\/\/www.brode-art.eu\/wp-content\/uploads\/2014\/03\/038-1024x1024.jpg\"><img loading=\"lazy\" decoding=\"async\" class=\"alignleft wp-image-85 size-thumbnail\" src=\"http:\/\/www.brode-art.eu\/wp-content\/uploads\/2014\/03\/038-1024x1024-150x150.jpg\" alt=\"038 (1024x1024)\" width=\"150\" height=\"150\" srcset=\"http:\/\/www.brode-art.eu\/wp-content\/uploads\/2014\/03\/038-1024x1024-150x150.jpg 150w, http:\/\/www.brode-art.eu\/wp-content\/uploads\/2014\/03\/038-1024x1024-300x300.jpg 300w, http:\/\/www.brode-art.eu\/wp-content\/uploads\/2014\/03\/038-1024x1024-220x220.jpg 220w, http:\/\/www.brode-art.eu\/wp-content\/uploads\/2014\/03\/038-1024x1024.jpg 1024w\" sizes=\"auto, (max-width: 150px) 100vw, 150px\" \/><\/a><br \/>\nun art englobant plusieurs techniques de broderie, le plus souvent travaill\u00e9es sur un m\u00e9tier \u00e0 broder (le tissu est tendu et les deux mains sont libres).<\/p>\n<p>La vari\u00e9t\u00e9 des combinaisons points et mat\u00e9riaux est infinie. Cette broderie est l&rsquo;art de l&rsquo;imagination par excellence, une all\u00e9gorie raffin\u00e9e de la r\u00e9alit\u00e9.<\/p>\n<p><strong>Les principales techniques utilis\u00e9es en Broderie d&rsquo;Art sont les suivantes :<\/strong><br \/>\n&#8211; le perl\u00e9 paillet\u00e9 au crochet de Lun\u00e9ville, technique utilis\u00e9e en Haute Couture, o\u00f9 les mat\u00e9riaux utilis\u00e9s se d\u00e9clinent \u00e0 l&rsquo;infini;<br \/>\n&#8211; la broderie avec passementeries;- la broderie d&rsquo;or &#8211; pose de cannetilles, jaserons, fils d&rsquo;or&#8230;;<br \/>\n&#8211; la broderie avec rubans;<br \/>\n&#8211; la peinture \u00e0 l&rsquo;aiguille, une broderie extr\u00eamement fine;<br \/>\n&#8211; l&rsquo;ensemble des points traditionnels \u00e0 l&rsquo;aiguille;<br \/>\n&#8211; la broderie blanche;<br \/>\n&#8211; la broderie de jours, le Hardanger;<br \/>\n&#8211; le blackwork, broderie en noir sur fond blanc;<br \/>\n&#8211; la broderie sur tulle;<br \/>\n&#8211; le point de Beauvais;<br \/>\n&#8211; la broderie en relief, avec des soulev\u00e9s;<br \/>\n&#8211; la broderie Richelieu;<br \/>\n&#8211; la broderie Glazig, d&rsquo;origine bretonne;<br \/>\n&#8211; les broderies sp\u00e9cifiques \u00e0 un pays, telles que la broderie indienne, laotienne, etc&#8230;<br \/>\nCette liste est non exhaustive.<\/p>\n<p>A nos yeux, le principal int\u00e9r\u00eat de la Broderie d&rsquo;Art repose dans le m\u00e9lange infini des diff\u00e9rentes techniques et mati\u00e8res. Ainsi, la cr\u00e9ativit\u00e9 est continuellement encourag\u00e9e, jamais brid\u00e9e.<br \/>\nNos sources d&rsquo;inspirations sont \u00e9galement d&rsquo;une grande vari\u00e9t\u00e9 : une peinture, une sculpture, l&rsquo;architecture d&rsquo;un b\u00e2timent, une fleur, un paysage, un v\u00eatement, une harmonie de couleurs&#8230;<\/p>\n","protected":false},"excerpt":{"rendered":"<p>Notre d\u00e9finition de la Broderie d&rsquo;Art est la suivante :&nbsp;&nbsp;&nbsp;&nbsp;&nbsp;&nbsp;&nbsp;&nbsp;&nbsp;&nbsp;&nbsp;&nbsp;&nbsp;&nbsp;&nbsp;&nbsp;&nbsp;&nbsp;&nbsp;&nbsp;&nbsp;&nbsp;&nbsp;&nbsp;&nbsp;&nbsp;&nbsp;&nbsp;&nbsp;&nbsp;&nbsp;&nbsp;&nbsp;&nbsp;&nbsp;&nbsp;&nbsp;&nbsp;&nbsp;&nbsp;&nbsp;&nbsp;&nbsp;&nbsp;&nbsp;&nbsp;&nbsp;&nbsp;&nbsp;&nbsp;&nbsp;&nbsp; un art englobant plusieurs techniques de broderie, le plus souvent travaill\u00e9es sur un m\u00e9tier \u00e0 broder (le tissu est tendu et les deux mains sont libres). La vari\u00e9t\u00e9 des combinaisons points et mat\u00e9riaux est infinie. Cette broderie est l&rsquo;art de l&rsquo;imagination par excellence, une all\u00e9gorie&#8230; <\/p>\n<div class=\"link-more\"><a href=\"http:\/\/www.brode-art.eu\/?page_id=2\">En savoir plus<\/a><\/div>\n","protected":false},"author":1,"featured_media":0,"parent":0,"menu_order":1,"comment_status":"closed","ping_status":"open","template":"","meta":{"footnotes":""},"class_list":["post-2","page","type-page","status-publish","hentry"],"jetpack_sharing_enabled":true,"_links":{"self":[{"href":"http:\/\/www.brode-art.eu\/index.php?rest_route=\/wp\/v2\/pages\/2","targetHints":{"allow":["GET"]}}],"collection":[{"href":"http:\/\/www.brode-art.eu\/index.php?rest_route=\/wp\/v2\/pages"}],"about":[{"href":"http:\/\/www.brode-art.eu\/index.php?rest_route=\/wp\/v2\/types\/page"}],"author":[{"embeddable":true,"href":"http:\/\/www.brode-art.eu\/index.php?rest_route=\/wp\/v2\/users\/1"}],"replies":[{"embeddable":true,"href":"http:\/\/www.brode-art.eu\/index.php?rest_route=%2Fwp%2Fv2%2Fcomments&post=2"}],"version-history":[{"count":14,"href":"http:\/\/www.brode-art.eu\/index.php?rest_route=\/wp\/v2\/pages\/2\/revisions"}],"predecessor-version":[{"id":976,"href":"http:\/\/www.brode-art.eu\/index.php?rest_route=\/wp\/v2\/pages\/2\/revisions\/976"}],"wp:attachment":[{"href":"http:\/\/www.brode-art.eu\/index.php?rest_route=%2Fwp%2Fv2%2Fmedia&parent=2"}],"curies":[{"name":"wp","href":"https:\/\/api.w.org\/{rel}","templated":true}]}}