{"id":428,"date":"2014-12-11T12:44:17","date_gmt":"2014-12-11T11:44:17","guid":{"rendered":"http:\/\/www.brode-art.eu\/?page_id=428"},"modified":"2022-08-29T12:52:32","modified_gmt":"2022-08-29T11:52:32","slug":"un-regard","status":"publish","type":"page","link":"http:\/\/www.brode-art.eu\/?page_id=428","title":{"rendered":"Un regard sur&#8230;"},"content":{"rendered":"<p>&#8230;LE FIL DANS LE DESIGN<\/p>\n<p>Tout d\u2019abord, je me pr\u00e9sente : je m\u2019appelle Am\u00e9lia. Je suis membre de l\u2019association Brode-Art. Je suis passionn\u00e9e de design et j&rsquo;en ai fait mon m\u00e9tier. Durant mes \u00e9tudes, je puisais mes inspirations dans les contraintes sociales, fonctionnelles, urbaines, v\u00e9g\u00e9tales ou dans l\u2019interaction qu\u2019un objet peut avoir sur les comportements sociaux au sein de nos villes. En gros, aucune sensibilit\u00e9 dans mon travail avec la partie dite artistique du design et tout ce qui peut \u00eatre li\u00e9 au fait-main ou \u00e0 un quelconque travail artisanal.<\/p>\n<p>C\u2019est en regardant le travail de Catherine et en m\u2019investissant dans l\u2019association, que ma curiosit\u00e9 a \u00e9t\u00e9 piqu\u00e9e, j&rsquo;ai voulu en savoir plus sur le travail de la broderie et plus particuli\u00e8rement comment le fil ou la broderie s\u2019exportaient dans mon domaine : la cr\u00e9ation de mobilier. Je vous avoue que plus jeune, le tricot, la broderie, le canevas, le point de croix, crochet etc&#8230; je n&rsquo;\u2019en avais strictement rien \u00e0 faire, je les voyais comme une activit\u00e9 pour une autre g\u00e9n\u00e9ration. Et ce n\u2019est pas faute \u00e0 mes deux grand-m\u00e8res d\u2019avoir tent\u00e9 de m&rsquo;initier. Aujourd\u2019hui je regrette un peu de ne pas y avoir port\u00e9 un regard plus t\u00f4t, car j\u2019aurais pu int\u00e9grer ces techniques dans mon travail de cr\u00e9ation. Mais comme on dit : il n\u2019est jamais trop tard pour s\u2019y mettre ! Bon il y aussi l\u2019influence d\u2019un petit retour sur le devant de la sc\u00e8ne de ces savoir-faire, notamment avec le \u00abDo It Yourself\u00bb traduisez \u00ab Faite le vous m\u00eame\u00bb.<\/p>\n<p>Je suis tr\u00e8s attach\u00e9e \u00e0 la notion d\u2019ouverture et au premier plan, dans mon m\u00e9tier, pour constater que les fronti\u00e8res sont souvent tr\u00e8s minces entre les diff\u00e9rents domaines de cr\u00e9ation, j\u2019ai eu envie au travers de ce petit article, de vous faire partager mes petites trouvailles et inspirations du moment.<\/p>\n<p>Es esp\u00e9rant que cela \u00e9veillera \u00e9galement tour votre curiosit\u00e9.<br \/>\nBonne lecture !<\/p>\n<p>Le travail de Suzanne Westphale, Wolly et Stitch<\/p>\n<table>\n<tbody>\n<tr>\n<td><a href=\"http:\/\/www.brode-art.eu\/wp-content\/uploads\/2014\/12\/f.jpg\"><img loading=\"lazy\" decoding=\"async\" class=\"wp-image-437 size-wcsmall\" src=\"http:\/\/www.brode-art.eu\/wp-content\/uploads\/2014\/12\/f-250x166.jpg\" alt=\"Suzanne Westphale...\" width=\"250\" height=\"166\" srcset=\"http:\/\/www.brode-art.eu\/wp-content\/uploads\/2014\/12\/f-250x166.jpg 250w, http:\/\/www.brode-art.eu\/wp-content\/uploads\/2014\/12\/f-300x199.jpg 300w, http:\/\/www.brode-art.eu\/wp-content\/uploads\/2014\/12\/f-270x180.jpg 270w, http:\/\/www.brode-art.eu\/wp-content\/uploads\/2014\/12\/f-450x300.jpg 450w, http:\/\/www.brode-art.eu\/wp-content\/uploads\/2014\/12\/f.jpg 500w\" sizes=\"auto, (max-width: 250px) 100vw, 250px\" \/><\/a><\/td>\n<td><a href=\"http:\/\/www.brode-art.eu\/wp-content\/uploads\/2014\/12\/assise.jpg\"><img loading=\"lazy\" decoding=\"async\" class=\"wp-image-451\" src=\"http:\/\/www.brode-art.eu\/wp-content\/uploads\/2014\/12\/assise-250x249.jpg\" alt=\"...Wolly\" width=\"230\" height=\"229\" srcset=\"http:\/\/www.brode-art.eu\/wp-content\/uploads\/2014\/12\/assise-250x249.jpg 250w, http:\/\/www.brode-art.eu\/wp-content\/uploads\/2014\/12\/assise-150x150.jpg 150w, http:\/\/www.brode-art.eu\/wp-content\/uploads\/2014\/12\/assise-300x300.jpg 300w, http:\/\/www.brode-art.eu\/wp-content\/uploads\/2014\/12\/assise-220x220.jpg 220w, http:\/\/www.brode-art.eu\/wp-content\/uploads\/2014\/12\/assise-48x48.jpg 48w, http:\/\/www.brode-art.eu\/wp-content\/uploads\/2014\/12\/assise-180x180.jpg 180w, http:\/\/www.brode-art.eu\/wp-content\/uploads\/2014\/12\/assise-301x300.jpg 301w, http:\/\/www.brode-art.eu\/wp-content\/uploads\/2014\/12\/assise.jpg 500w\" sizes=\"auto, (max-width: 230px) 100vw, 230px\" \/><\/a><\/td>\n<td><a href=\"http:\/\/www.brode-art.eu\/wp-content\/uploads\/2014\/12\/sw1.jpg\"><img loading=\"lazy\" decoding=\"async\" class=\"wp-image-448 size-wcsmall\" src=\"http:\/\/www.brode-art.eu\/wp-content\/uploads\/2014\/12\/sw1-250x187.jpg\" alt=\"Stitch\" width=\"250\" height=\"187\" srcset=\"http:\/\/www.brode-art.eu\/wp-content\/uploads\/2014\/12\/sw1-250x187.jpg 250w, http:\/\/www.brode-art.eu\/wp-content\/uploads\/2014\/12\/sw1-300x225.jpg 300w, http:\/\/www.brode-art.eu\/wp-content\/uploads\/2014\/12\/sw1-240x180.jpg 240w, http:\/\/www.brode-art.eu\/wp-content\/uploads\/2014\/12\/sw1-400x300.jpg 400w, http:\/\/www.brode-art.eu\/wp-content\/uploads\/2014\/12\/sw1.jpg 500w\" sizes=\"auto, (max-width: 250px) 100vw, 250px\" \/><\/a><\/td>\n<td><a href=\"http:\/\/www.brode-art.eu\/wp-content\/uploads\/2014\/12\/sw2.jpg\"><img loading=\"lazy\" decoding=\"async\" class=\"wp-image-449 size-wcsmall\" src=\"http:\/\/www.brode-art.eu\/wp-content\/uploads\/2014\/12\/sw2-250x159.jpg\" alt=\"Stitch\" width=\"250\" height=\"159\" srcset=\"http:\/\/www.brode-art.eu\/wp-content\/uploads\/2014\/12\/sw2-250x159.jpg 250w, http:\/\/www.brode-art.eu\/wp-content\/uploads\/2014\/12\/sw2-300x191.jpg 300w, http:\/\/www.brode-art.eu\/wp-content\/uploads\/2014\/12\/sw2-282x180.jpg 282w, http:\/\/www.brode-art.eu\/wp-content\/uploads\/2014\/12\/sw2-470x300.jpg 470w, http:\/\/www.brode-art.eu\/wp-content\/uploads\/2014\/12\/sw2.jpg 500w\" sizes=\"auto, (max-width: 250px) 100vw, 250px\" \/><\/a><\/td>\n<\/tr>\n<\/tbody>\n<\/table>\n<p>Les cr\u00e9ations de Hella Jongerius : embroidery tablecloth, Princess et Souvenir Delftblue set<\/p>\n<table>\n<tbody>\n<tr>\n<td><a href=\"http:\/\/www.brode-art.eu\/wp-content\/uploads\/2014\/12\/jongerius3.jpg\"><img loading=\"lazy\" decoding=\"async\" class=\"aligncenter size-medium wp-image-444\" src=\"http:\/\/www.brode-art.eu\/wp-content\/uploads\/2014\/12\/jongerius3-232x300.jpg\" alt=\"jongerius3\" width=\"232\" height=\"300\" srcset=\"http:\/\/www.brode-art.eu\/wp-content\/uploads\/2014\/12\/jongerius3-232x300.jpg 232w, http:\/\/www.brode-art.eu\/wp-content\/uploads\/2014\/12\/jongerius3-250x322.jpg 250w, http:\/\/www.brode-art.eu\/wp-content\/uploads\/2014\/12\/jongerius3-139x180.jpg 139w, http:\/\/www.brode-art.eu\/wp-content\/uploads\/2014\/12\/jongerius3-387x500.jpg 387w, http:\/\/www.brode-art.eu\/wp-content\/uploads\/2014\/12\/jongerius3.jpg 496w\" sizes=\"auto, (max-width: 232px) 100vw, 232px\" \/><\/a><\/td>\n<td><a href=\"http:\/\/www.brode-art.eu\/wp-content\/uploads\/2014\/12\/jongerius1.jpg\"><img loading=\"lazy\" decoding=\"async\" class=\"aligncenter size-medium wp-image-442\" src=\"http:\/\/www.brode-art.eu\/wp-content\/uploads\/2014\/12\/jongerius1-300x203.jpg\" alt=\"jongerius1\" width=\"300\" height=\"203\" srcset=\"http:\/\/www.brode-art.eu\/wp-content\/uploads\/2014\/12\/jongerius1-300x203.jpg 300w, http:\/\/www.brode-art.eu\/wp-content\/uploads\/2014\/12\/jongerius1-250x169.jpg 250w, http:\/\/www.brode-art.eu\/wp-content\/uploads\/2014\/12\/jongerius1-550x372.jpg 550w, http:\/\/www.brode-art.eu\/wp-content\/uploads\/2014\/12\/jongerius1-265x180.jpg 265w, http:\/\/www.brode-art.eu\/wp-content\/uploads\/2014\/12\/jongerius1-442x300.jpg 442w, http:\/\/www.brode-art.eu\/wp-content\/uploads\/2014\/12\/jongerius1.jpg 640w\" sizes=\"auto, (max-width: 300px) 100vw, 300px\" \/><\/a><\/td>\n<td><a href=\"http:\/\/www.brode-art.eu\/wp-content\/uploads\/2014\/12\/jongerius2.jpg\"><img loading=\"lazy\" decoding=\"async\" class=\"aligncenter size-medium wp-image-443\" src=\"http:\/\/www.brode-art.eu\/wp-content\/uploads\/2014\/12\/jongerius2-281x300.jpg\" alt=\"jongerius2\" width=\"281\" height=\"300\" srcset=\"http:\/\/www.brode-art.eu\/wp-content\/uploads\/2014\/12\/jongerius2-281x300.jpg 281w, http:\/\/www.brode-art.eu\/wp-content\/uploads\/2014\/12\/jongerius2-250x266.jpg 250w, http:\/\/www.brode-art.eu\/wp-content\/uploads\/2014\/12\/jongerius2-550x585.jpg 550w, http:\/\/www.brode-art.eu\/wp-content\/uploads\/2014\/12\/jongerius2-169x180.jpg 169w, http:\/\/www.brode-art.eu\/wp-content\/uploads\/2014\/12\/jongerius2-469x500.jpg 469w, http:\/\/www.brode-art.eu\/wp-content\/uploads\/2014\/12\/jongerius2.jpg 601w\" sizes=\"auto, (max-width: 281px) 100vw, 281px\" \/><\/a><\/td>\n<\/tr>\n<tr>\n<td><a href=\"http:\/\/www.brode-art.eu\/wp-content\/uploads\/2014\/12\/jongerius5.jpg\"><img loading=\"lazy\" decoding=\"async\" class=\"aligncenter size-medium wp-image-446\" src=\"http:\/\/www.brode-art.eu\/wp-content\/uploads\/2014\/12\/jongerius5-225x300.jpg\" alt=\"jongerius5\" width=\"225\" height=\"300\" srcset=\"http:\/\/www.brode-art.eu\/wp-content\/uploads\/2014\/12\/jongerius5-225x300.jpg 225w, http:\/\/www.brode-art.eu\/wp-content\/uploads\/2014\/12\/jongerius5-135x180.jpg 135w, http:\/\/www.brode-art.eu\/wp-content\/uploads\/2014\/12\/jongerius5.jpg 236w\" sizes=\"auto, (max-width: 225px) 100vw, 225px\" \/><\/a><\/td>\n<td><a href=\"http:\/\/www.brode-art.eu\/wp-content\/uploads\/2014\/12\/jongerius4.jpg\"><img loading=\"lazy\" decoding=\"async\" class=\"aligncenter size-medium wp-image-445\" src=\"http:\/\/www.brode-art.eu\/wp-content\/uploads\/2014\/12\/jongerius4-247x300.jpg\" alt=\"jongerius4\" width=\"247\" height=\"300\" srcset=\"http:\/\/www.brode-art.eu\/wp-content\/uploads\/2014\/12\/jongerius4-247x300.jpg 247w, http:\/\/www.brode-art.eu\/wp-content\/uploads\/2014\/12\/jongerius4-250x303.jpg 250w, http:\/\/www.brode-art.eu\/wp-content\/uploads\/2014\/12\/jongerius4-148x180.jpg 148w, http:\/\/www.brode-art.eu\/wp-content\/uploads\/2014\/12\/jongerius4-411x500.jpg 411w, http:\/\/www.brode-art.eu\/wp-content\/uploads\/2014\/12\/jongerius4.jpg 527w\" sizes=\"auto, (max-width: 247px) 100vw, 247px\" \/><\/a><\/td>\n<td>&nbsp;<a href=\"http:\/\/www.brode-art.eu\/wp-content\/uploads\/2014\/12\/jongerius6.jpg\"><img loading=\"lazy\" decoding=\"async\" class=\"aligncenter size-medium wp-image-447\" src=\"http:\/\/www.brode-art.eu\/wp-content\/uploads\/2014\/12\/jongerius6-300x270.jpg\" alt=\"jongerius6\" width=\"300\" height=\"270\" srcset=\"http:\/\/www.brode-art.eu\/wp-content\/uploads\/2014\/12\/jongerius6-300x270.jpg 300w, http:\/\/www.brode-art.eu\/wp-content\/uploads\/2014\/12\/jongerius6-250x225.jpg 250w, http:\/\/www.brode-art.eu\/wp-content\/uploads\/2014\/12\/jongerius6-550x495.jpg 550w, http:\/\/www.brode-art.eu\/wp-content\/uploads\/2014\/12\/jongerius6-200x180.jpg 200w, http:\/\/www.brode-art.eu\/wp-content\/uploads\/2014\/12\/jongerius6-333x300.jpg 333w, http:\/\/www.brode-art.eu\/wp-content\/uploads\/2014\/12\/jongerius6-555x500.jpg 555w, http:\/\/www.brode-art.eu\/wp-content\/uploads\/2014\/12\/jongerius6.jpg 640w\" sizes=\"auto, (max-width: 300px) 100vw, 300px\" \/><\/a><\/td>\n<\/tr>\n<\/tbody>\n<\/table>\n<p>La collection objets brod\u00e9s de R\u00e9mi Bouhaniche et Lucie Bourreau<\/p>\n<table>\n<tbody>\n<tr>\n<td><a href=\"http:\/\/www.brode-art.eu\/wp-content\/uploads\/2014\/12\/g.jpg\"><img loading=\"lazy\" decoding=\"async\" class=\"aligncenter size-medium wp-image-441\" src=\"http:\/\/www.brode-art.eu\/wp-content\/uploads\/2014\/12\/g-300x199.jpg\" alt=\"g\" width=\"300\" height=\"199\" srcset=\"http:\/\/www.brode-art.eu\/wp-content\/uploads\/2014\/12\/g-300x199.jpg 300w, http:\/\/www.brode-art.eu\/wp-content\/uploads\/2014\/12\/g-250x166.jpg 250w, http:\/\/www.brode-art.eu\/wp-content\/uploads\/2014\/12\/g-270x180.jpg 270w, http:\/\/www.brode-art.eu\/wp-content\/uploads\/2014\/12\/g-450x300.jpg 450w, http:\/\/www.brode-art.eu\/wp-content\/uploads\/2014\/12\/g.jpg 500w\" sizes=\"auto, (max-width: 300px) 100vw, 300px\" \/><\/a><\/td>\n<td><a href=\"http:\/\/www.brode-art.eu\/wp-content\/uploads\/2014\/12\/e.jpg\"><img loading=\"lazy\" decoding=\"async\" class=\"aligncenter size-medium wp-image-436\" src=\"http:\/\/www.brode-art.eu\/wp-content\/uploads\/2014\/12\/e-300x199.jpg\" alt=\"e\" width=\"300\" height=\"199\" srcset=\"http:\/\/www.brode-art.eu\/wp-content\/uploads\/2014\/12\/e-300x199.jpg 300w, http:\/\/www.brode-art.eu\/wp-content\/uploads\/2014\/12\/e-250x166.jpg 250w, http:\/\/www.brode-art.eu\/wp-content\/uploads\/2014\/12\/e-270x180.jpg 270w, http:\/\/www.brode-art.eu\/wp-content\/uploads\/2014\/12\/e-450x300.jpg 450w, http:\/\/www.brode-art.eu\/wp-content\/uploads\/2014\/12\/e.jpg 500w\" sizes=\"auto, (max-width: 300px) 100vw, 300px\" \/><\/a><\/td>\n<td><a href=\"http:\/\/www.brode-art.eu\/wp-content\/uploads\/2014\/12\/a.jpg\"><img loading=\"lazy\" decoding=\"async\" class=\"aligncenter size-medium wp-image-432\" src=\"http:\/\/www.brode-art.eu\/wp-content\/uploads\/2014\/12\/a-300x199.jpg\" alt=\"a\" width=\"300\" height=\"199\" srcset=\"http:\/\/www.brode-art.eu\/wp-content\/uploads\/2014\/12\/a-300x199.jpg 300w, http:\/\/www.brode-art.eu\/wp-content\/uploads\/2014\/12\/a-250x166.jpg 250w, http:\/\/www.brode-art.eu\/wp-content\/uploads\/2014\/12\/a-270x180.jpg 270w, http:\/\/www.brode-art.eu\/wp-content\/uploads\/2014\/12\/a-450x300.jpg 450w, http:\/\/www.brode-art.eu\/wp-content\/uploads\/2014\/12\/a.jpg 500w\" sizes=\"auto, (max-width: 300px) 100vw, 300px\" \/><\/a><\/td>\n<\/tr>\n<tr>\n<td><a href=\"http:\/\/www.brode-art.eu\/wp-content\/uploads\/2014\/12\/b.jpg\"><img loading=\"lazy\" decoding=\"async\" class=\"aligncenter size-medium wp-image-434\" src=\"http:\/\/www.brode-art.eu\/wp-content\/uploads\/2014\/12\/b-300x199.jpg\" alt=\"b\" width=\"300\" height=\"199\" srcset=\"http:\/\/www.brode-art.eu\/wp-content\/uploads\/2014\/12\/b-300x199.jpg 300w, http:\/\/www.brode-art.eu\/wp-content\/uploads\/2014\/12\/b-250x166.jpg 250w, http:\/\/www.brode-art.eu\/wp-content\/uploads\/2014\/12\/b-270x180.jpg 270w, http:\/\/www.brode-art.eu\/wp-content\/uploads\/2014\/12\/b-450x300.jpg 450w, http:\/\/www.brode-art.eu\/wp-content\/uploads\/2014\/12\/b.jpg 500w\" sizes=\"auto, (max-width: 300px) 100vw, 300px\" \/><\/a><\/td>\n<td><a href=\"http:\/\/www.brode-art.eu\/wp-content\/uploads\/2014\/12\/c.jpg\"><img loading=\"lazy\" decoding=\"async\" class=\"aligncenter size-medium wp-image-435\" src=\"http:\/\/www.brode-art.eu\/wp-content\/uploads\/2014\/12\/c-300x199.jpg\" alt=\"c\" width=\"300\" height=\"199\" srcset=\"http:\/\/www.brode-art.eu\/wp-content\/uploads\/2014\/12\/c-300x199.jpg 300w, http:\/\/www.brode-art.eu\/wp-content\/uploads\/2014\/12\/c-250x166.jpg 250w, http:\/\/www.brode-art.eu\/wp-content\/uploads\/2014\/12\/c-270x180.jpg 270w, http:\/\/www.brode-art.eu\/wp-content\/uploads\/2014\/12\/c-450x300.jpg 450w, http:\/\/www.brode-art.eu\/wp-content\/uploads\/2014\/12\/c.jpg 500w\" sizes=\"auto, (max-width: 300px) 100vw, 300px\" \/><\/a><\/td>\n<td><\/td>\n<\/tr>\n<\/tbody>\n<\/table>\n<p>La table \u00e0 broder de Filo Sofia Souidi<\/p>\n<table>\n<tbody>\n<tr>\n<td><a href=\"http:\/\/www.brode-art.eu\/wp-content\/uploads\/2014\/12\/filo2.jpg\"><img loading=\"lazy\" decoding=\"async\" class=\"aligncenter size-medium wp-image-439\" src=\"http:\/\/www.brode-art.eu\/wp-content\/uploads\/2014\/12\/filo2-300x201.jpg\" alt=\"filo2\" width=\"300\" height=\"201\" srcset=\"http:\/\/www.brode-art.eu\/wp-content\/uploads\/2014\/12\/filo2-300x201.jpg 300w, http:\/\/www.brode-art.eu\/wp-content\/uploads\/2014\/12\/filo2-250x167.jpg 250w, http:\/\/www.brode-art.eu\/wp-content\/uploads\/2014\/12\/filo2-550x368.jpg 550w, http:\/\/www.brode-art.eu\/wp-content\/uploads\/2014\/12\/filo2-268x180.jpg 268w, http:\/\/www.brode-art.eu\/wp-content\/uploads\/2014\/12\/filo2-447x300.jpg 447w, http:\/\/www.brode-art.eu\/wp-content\/uploads\/2014\/12\/filo2.jpg 600w\" sizes=\"auto, (max-width: 300px) 100vw, 300px\" \/><\/a><\/td>\n<td><a href=\"http:\/\/www.brode-art.eu\/wp-content\/uploads\/2014\/12\/filo1.jpg\"><img loading=\"lazy\" decoding=\"async\" class=\"aligncenter size-medium wp-image-438\" src=\"http:\/\/www.brode-art.eu\/wp-content\/uploads\/2014\/12\/filo1-300x200.jpg\" alt=\"filo1\" width=\"300\" height=\"200\" srcset=\"http:\/\/www.brode-art.eu\/wp-content\/uploads\/2014\/12\/filo1-300x200.jpg 300w, http:\/\/www.brode-art.eu\/wp-content\/uploads\/2014\/12\/filo1-250x167.jpg 250w, http:\/\/www.brode-art.eu\/wp-content\/uploads\/2014\/12\/filo1-550x367.jpg 550w, http:\/\/www.brode-art.eu\/wp-content\/uploads\/2014\/12\/filo1-269x180.jpg 269w, http:\/\/www.brode-art.eu\/wp-content\/uploads\/2014\/12\/filo1-448x300.jpg 448w, http:\/\/www.brode-art.eu\/wp-content\/uploads\/2014\/12\/filo1.jpg 600w\" sizes=\"auto, (max-width: 300px) 100vw, 300px\" \/><\/a><\/td>\n<td><a href=\"http:\/\/www.brode-art.eu\/wp-content\/uploads\/2014\/12\/filo3.jpg\"><img loading=\"lazy\" decoding=\"async\" class=\"aligncenter size-medium wp-image-440\" src=\"http:\/\/www.brode-art.eu\/wp-content\/uploads\/2014\/12\/filo3-300x201.jpg\" alt=\"filo3\" width=\"300\" height=\"201\" srcset=\"http:\/\/www.brode-art.eu\/wp-content\/uploads\/2014\/12\/filo3-300x201.jpg 300w, http:\/\/www.brode-art.eu\/wp-content\/uploads\/2014\/12\/filo3-250x167.jpg 250w, http:\/\/www.brode-art.eu\/wp-content\/uploads\/2014\/12\/filo3-550x368.jpg 550w, http:\/\/www.brode-art.eu\/wp-content\/uploads\/2014\/12\/filo3-268x180.jpg 268w, http:\/\/www.brode-art.eu\/wp-content\/uploads\/2014\/12\/filo3-447x300.jpg 447w, http:\/\/www.brode-art.eu\/wp-content\/uploads\/2014\/12\/filo3.jpg 600w\" sizes=\"auto, (max-width: 300px) 100vw, 300px\" \/><\/a><\/td>\n<\/tr>\n<\/tbody>\n<\/table>\n<p>Wall Embroidery, Tripasai Architects<\/p>\n<table>\n<tbody>\n<tr>\n<td><a href=\"http:\/\/www.brode-art.eu\/wp-content\/uploads\/2014\/12\/Tripasai2.jpg\"><img loading=\"lazy\" decoding=\"async\" class=\"aligncenter size-medium wp-image-465\" src=\"http:\/\/www.brode-art.eu\/wp-content\/uploads\/2014\/12\/Tripasai2-300x199.jpg\" alt=\"Tripasai2\" width=\"300\" height=\"199\" srcset=\"http:\/\/www.brode-art.eu\/wp-content\/uploads\/2014\/12\/Tripasai2-300x199.jpg 300w, http:\/\/www.brode-art.eu\/wp-content\/uploads\/2014\/12\/Tripasai2-250x166.jpg 250w, http:\/\/www.brode-art.eu\/wp-content\/uploads\/2014\/12\/Tripasai2-550x366.jpg 550w, http:\/\/www.brode-art.eu\/wp-content\/uploads\/2014\/12\/Tripasai2-270x180.jpg 270w, http:\/\/www.brode-art.eu\/wp-content\/uploads\/2014\/12\/Tripasai2-450x300.jpg 450w, http:\/\/www.brode-art.eu\/wp-content\/uploads\/2014\/12\/Tripasai2.jpg 640w\" sizes=\"auto, (max-width: 300px) 100vw, 300px\" \/><\/a><\/td>\n<td><a href=\"http:\/\/www.brode-art.eu\/wp-content\/uploads\/2014\/12\/Tripasai1.jpg\"><img loading=\"lazy\" decoding=\"async\" class=\"aligncenter size-medium wp-image-464\" src=\"http:\/\/www.brode-art.eu\/wp-content\/uploads\/2014\/12\/Tripasai1-250x300.jpg\" alt=\"Tripasai1\" width=\"250\" height=\"300\" srcset=\"http:\/\/www.brode-art.eu\/wp-content\/uploads\/2014\/12\/Tripasai1-250x300.jpg 250w, http:\/\/www.brode-art.eu\/wp-content\/uploads\/2014\/12\/Tripasai1-550x658.jpg 550w, http:\/\/www.brode-art.eu\/wp-content\/uploads\/2014\/12\/Tripasai1-150x180.jpg 150w, http:\/\/www.brode-art.eu\/wp-content\/uploads\/2014\/12\/Tripasai1-417x500.jpg 417w, http:\/\/www.brode-art.eu\/wp-content\/uploads\/2014\/12\/Tripasai1.jpg 640w\" sizes=\"auto, (max-width: 250px) 100vw, 250px\" \/><\/a><\/td>\n<td><a href=\"http:\/\/www.brode-art.eu\/wp-content\/uploads\/2014\/12\/Tripasai3.jpg\"><img loading=\"lazy\" decoding=\"async\" class=\"aligncenter size-medium wp-image-466\" src=\"http:\/\/www.brode-art.eu\/wp-content\/uploads\/2014\/12\/Tripasai3-300x200.jpg\" alt=\"Tripasai3\" width=\"300\" height=\"200\" srcset=\"http:\/\/www.brode-art.eu\/wp-content\/uploads\/2014\/12\/Tripasai3-300x200.jpg 300w, http:\/\/www.brode-art.eu\/wp-content\/uploads\/2014\/12\/Tripasai3-250x166.jpg 250w, http:\/\/www.brode-art.eu\/wp-content\/uploads\/2014\/12\/Tripasai3-550x366.jpg 550w, http:\/\/www.brode-art.eu\/wp-content\/uploads\/2014\/12\/Tripasai3-269x180.jpg 269w, http:\/\/www.brode-art.eu\/wp-content\/uploads\/2014\/12\/Tripasai3-449x300.jpg 449w, http:\/\/www.brode-art.eu\/wp-content\/uploads\/2014\/12\/Tripasai3.jpg 640w\" sizes=\"auto, (max-width: 300px) 100vw, 300px\" \/><\/a><\/td>\n<\/tr>\n<\/tbody>\n<\/table>\n<p>&nbsp;<\/p>\n","protected":false},"excerpt":{"rendered":"<p>&#8230;LE FIL DANS LE DESIGN Tout d\u2019abord, je me pr\u00e9sente : je m\u2019appelle Am\u00e9lia. Je suis membre de l\u2019association Brode-Art. Je suis passionn\u00e9e de design et j&rsquo;en ai fait mon m\u00e9tier. Durant mes \u00e9tudes, je puisais mes inspirations dans les contraintes sociales, fonctionnelles, urbaines, v\u00e9g\u00e9tales ou dans l\u2019interaction qu\u2019un objet peut avoir sur les comportements&#8230; <\/p>\n<div class=\"link-more\"><a href=\"http:\/\/www.brode-art.eu\/?page_id=428\">En savoir plus<\/a><\/div>\n","protected":false},"author":2,"featured_media":0,"parent":0,"menu_order":3,"comment_status":"closed","ping_status":"open","template":"","meta":{"footnotes":""},"class_list":["post-428","page","type-page","status-publish","hentry"],"jetpack_sharing_enabled":true,"_links":{"self":[{"href":"http:\/\/www.brode-art.eu\/index.php?rest_route=\/wp\/v2\/pages\/428","targetHints":{"allow":["GET"]}}],"collection":[{"href":"http:\/\/www.brode-art.eu\/index.php?rest_route=\/wp\/v2\/pages"}],"about":[{"href":"http:\/\/www.brode-art.eu\/index.php?rest_route=\/wp\/v2\/types\/page"}],"author":[{"embeddable":true,"href":"http:\/\/www.brode-art.eu\/index.php?rest_route=\/wp\/v2\/users\/2"}],"replies":[{"embeddable":true,"href":"http:\/\/www.brode-art.eu\/index.php?rest_route=%2Fwp%2Fv2%2Fcomments&post=428"}],"version-history":[{"count":18,"href":"http:\/\/www.brode-art.eu\/index.php?rest_route=\/wp\/v2\/pages\/428\/revisions"}],"predecessor-version":[{"id":978,"href":"http:\/\/www.brode-art.eu\/index.php?rest_route=\/wp\/v2\/pages\/428\/revisions\/978"}],"wp:attachment":[{"href":"http:\/\/www.brode-art.eu\/index.php?rest_route=%2Fwp%2Fv2%2Fmedia&parent=428"}],"curies":[{"name":"wp","href":"https:\/\/api.w.org\/{rel}","templated":true}]}}