{"id":471,"date":"2014-12-15T16:30:38","date_gmt":"2014-12-15T15:30:38","guid":{"rendered":"http:\/\/www.brode-art.eu\/?page_id=471"},"modified":"2022-08-29T12:52:06","modified_gmt":"2022-08-29T11:52:06","slug":"brode-art-brode","status":"publish","type":"page","link":"http:\/\/www.brode-art.eu\/?page_id=471","title":{"rendered":"Brode-Art brod\u00e9"},"content":{"rendered":"<p>Nous invitons&nbsp; nos adh\u00e9rents \u00e0 broder le logo de notre association.<br \/>\nLes consignes sont simples : il faut respecter la typographie et les couleurs, pour le reste, laisser libre cours \u00e0 son imagination, choisir les mati\u00e8res et les techniques.<\/p>\n<p>Et voila le logo brod\u00e9 par Caroline : un talent incontestable.<\/p>\n<figure id=\"attachment_682\" aria-describedby=\"caption-attachment-682\" style=\"width: 300px\" class=\"wp-caption alignleft\"><a href=\"http:\/\/www.brode-art.eu\/wp-content\/uploads\/2014\/12\/IMG_9504-1024x768.jpg\" rel=\"attachment wp-att-682\"><img loading=\"lazy\" decoding=\"async\" class=\"wp-image-682 size-medium\" src=\"http:\/\/www.brode-art.eu\/wp-content\/uploads\/2014\/12\/IMG_9504-1024x768-300x225.jpg\" alt=\"Brod\u00e9 par Caroline Gamb\" width=\"300\" height=\"225\" srcset=\"http:\/\/www.brode-art.eu\/wp-content\/uploads\/2014\/12\/IMG_9504-1024x768-300x225.jpg 300w, http:\/\/www.brode-art.eu\/wp-content\/uploads\/2014\/12\/IMG_9504-1024x768-768x576.jpg 768w, http:\/\/www.brode-art.eu\/wp-content\/uploads\/2014\/12\/IMG_9504-1024x768.jpg 1024w\" sizes=\"auto, (max-width: 300px) 100vw, 300px\" \/><\/a><figcaption id=\"caption-attachment-682\" class=\"wp-caption-text\">Brod\u00e9 par Caroline Gamb<\/figcaption><\/figure>\n<figure id=\"attachment_683\" aria-describedby=\"caption-attachment-683\" style=\"width: 300px\" class=\"wp-caption alignleft\"><a href=\"http:\/\/www.brode-art.eu\/wp-content\/uploads\/2014\/12\/IMG_9507-1024x768.jpg\" rel=\"attachment wp-att-683\"><img loading=\"lazy\" decoding=\"async\" class=\"wp-image-683 size-medium\" src=\"http:\/\/www.brode-art.eu\/wp-content\/uploads\/2014\/12\/IMG_9507-1024x768-300x225.jpg\" alt=\"Brod\u00e9 par Caroline Gamb\" width=\"300\" height=\"225\" srcset=\"http:\/\/www.brode-art.eu\/wp-content\/uploads\/2014\/12\/IMG_9507-1024x768-300x225.jpg 300w, http:\/\/www.brode-art.eu\/wp-content\/uploads\/2014\/12\/IMG_9507-1024x768-768x576.jpg 768w, http:\/\/www.brode-art.eu\/wp-content\/uploads\/2014\/12\/IMG_9507-1024x768.jpg 1024w\" sizes=\"auto, (max-width: 300px) 100vw, 300px\" \/><\/a><figcaption id=\"caption-attachment-683\" class=\"wp-caption-text\">Brod\u00e9 par Caroline Gamb<\/figcaption><\/figure>\n<table style=\"height: 247px;\" width=\"996\">\n<tbody>\n<tr>\n<td>\n<figure id=\"attachment_502\" aria-describedby=\"caption-attachment-502\" style=\"width: 300px\" class=\"wp-caption aligncenter\"><a href=\"http:\/\/www.brode-art.eu\/wp-content\/uploads\/2014\/12\/014-Copie-564x3021.jpg\"><img loading=\"lazy\" decoding=\"async\" class=\"wp-image-502 size-medium\" src=\"http:\/\/www.brode-art.eu\/wp-content\/uploads\/2014\/12\/014-Copie-564x3021-300x215.jpg\" alt=\"Brod\u00e9 par Catherine\" width=\"300\" height=\"215\" srcset=\"http:\/\/www.brode-art.eu\/wp-content\/uploads\/2014\/12\/014-Copie-564x3021-300x215.jpg 300w, http:\/\/www.brode-art.eu\/wp-content\/uploads\/2014\/12\/014-Copie-564x3021-250x179.jpg 250w, http:\/\/www.brode-art.eu\/wp-content\/uploads\/2014\/12\/014-Copie-564x3021-251x180.jpg 251w, http:\/\/www.brode-art.eu\/wp-content\/uploads\/2014\/12\/014-Copie-564x3021-210x150.jpg 210w, http:\/\/www.brode-art.eu\/wp-content\/uploads\/2014\/12\/014-Copie-564x3021.jpg 388w\" sizes=\"auto, (max-width: 300px) 100vw, 300px\" \/><\/a><figcaption id=\"caption-attachment-502\" class=\"wp-caption-text\">Brod\u00e9 par Catherine<\/figcaption><\/figure><\/td>\n<td>\n<figure id=\"attachment_376\" aria-describedby=\"caption-attachment-376\" style=\"width: 300px\" class=\"wp-caption aligncenter\"><a href=\"http:\/\/www.brode-art.eu\/wp-content\/uploads\/2014\/10\/jmb3-1280x868.jpg\"><img loading=\"lazy\" decoding=\"async\" class=\"wp-image-376 size-medium\" src=\"http:\/\/www.brode-art.eu\/wp-content\/uploads\/2014\/10\/jmb3-1280x868-300x203.jpg\" alt=\"Brod\u00e9 par Josiane et Magali\" width=\"300\" height=\"203\" srcset=\"http:\/\/www.brode-art.eu\/wp-content\/uploads\/2014\/10\/jmb3-1280x868-300x203.jpg 300w, http:\/\/www.brode-art.eu\/wp-content\/uploads\/2014\/10\/jmb3-1280x868-1024x694.jpg 1024w, http:\/\/www.brode-art.eu\/wp-content\/uploads\/2014\/10\/jmb3-1280x868-250x169.jpg 250w, http:\/\/www.brode-art.eu\/wp-content\/uploads\/2014\/10\/jmb3-1280x868-550x372.jpg 550w, http:\/\/www.brode-art.eu\/wp-content\/uploads\/2014\/10\/jmb3-1280x868-800x542.jpg 800w, http:\/\/www.brode-art.eu\/wp-content\/uploads\/2014\/10\/jmb3-1280x868-265x180.jpg 265w, http:\/\/www.brode-art.eu\/wp-content\/uploads\/2014\/10\/jmb3-1280x868-442x300.jpg 442w, http:\/\/www.brode-art.eu\/wp-content\/uploads\/2014\/10\/jmb3-1280x868-737x500.jpg 737w, http:\/\/www.brode-art.eu\/wp-content\/uploads\/2014\/10\/jmb3-1280x868.jpg 1280w\" sizes=\"auto, (max-width: 300px) 100vw, 300px\" \/><\/a><figcaption id=\"caption-attachment-376\" class=\"wp-caption-text\">Brod\u00e9 par Josiane et Magali<\/figcaption><\/figure><\/td>\n<\/tr>\n<tr>\n<td>\n<figure id=\"attachment_505\" aria-describedby=\"caption-attachment-505\" style=\"width: 283px\" class=\"wp-caption aligncenter\"><a href=\"http:\/\/www.brode-art.eu\/wp-content\/uploads\/2014\/12\/2015-01-25-2015-01-25-001-001-1024x7682.jpg\"><img loading=\"lazy\" decoding=\"async\" class=\"wp-image-505 \" src=\"http:\/\/www.brode-art.eu\/wp-content\/uploads\/2014\/12\/2015-01-25-2015-01-25-001-001-1024x7682-300x225.jpg\" alt=\"Brod\u00e9 par Marie\" width=\"283\" height=\"212\" srcset=\"http:\/\/www.brode-art.eu\/wp-content\/uploads\/2014\/12\/2015-01-25-2015-01-25-001-001-1024x7682-300x225.jpg 300w, http:\/\/www.brode-art.eu\/wp-content\/uploads\/2014\/12\/2015-01-25-2015-01-25-001-001-1024x7682.jpg 1024w, http:\/\/www.brode-art.eu\/wp-content\/uploads\/2014\/12\/2015-01-25-2015-01-25-001-001-1024x7682-250x188.jpg 250w, http:\/\/www.brode-art.eu\/wp-content\/uploads\/2014\/12\/2015-01-25-2015-01-25-001-001-1024x7682-550x413.jpg 550w, http:\/\/www.brode-art.eu\/wp-content\/uploads\/2014\/12\/2015-01-25-2015-01-25-001-001-1024x7682-800x600.jpg 800w, http:\/\/www.brode-art.eu\/wp-content\/uploads\/2014\/12\/2015-01-25-2015-01-25-001-001-1024x7682-240x180.jpg 240w, http:\/\/www.brode-art.eu\/wp-content\/uploads\/2014\/12\/2015-01-25-2015-01-25-001-001-1024x7682-400x300.jpg 400w, http:\/\/www.brode-art.eu\/wp-content\/uploads\/2014\/12\/2015-01-25-2015-01-25-001-001-1024x7682-667x500.jpg 667w\" sizes=\"auto, (max-width: 283px) 100vw, 283px\" \/><\/a><figcaption id=\"caption-attachment-505\" class=\"wp-caption-text\">Brod\u00e9 par Marie<\/figcaption><\/figure><\/td>\n<td>\n<figure id=\"attachment_540\" aria-describedby=\"caption-attachment-540\" style=\"width: 300px\" class=\"wp-caption aligncenter\"><a href=\"http:\/\/www.brode-art.eu\/wp-content\/uploads\/2014\/12\/IMG_4784-1024x713.jpg\"><img loading=\"lazy\" decoding=\"async\" class=\"wp-image-540 size-medium\" src=\"http:\/\/www.brode-art.eu\/wp-content\/uploads\/2014\/12\/IMG_4784-1024x713-300x209.jpg\" alt=\"Brod\u00e9 par Virginie\" width=\"300\" height=\"209\" srcset=\"http:\/\/www.brode-art.eu\/wp-content\/uploads\/2014\/12\/IMG_4784-1024x713-300x209.jpg 300w, http:\/\/www.brode-art.eu\/wp-content\/uploads\/2014\/12\/IMG_4784-1024x713.jpg 1024w, http:\/\/www.brode-art.eu\/wp-content\/uploads\/2014\/12\/IMG_4784-1024x713-250x174.jpg 250w, http:\/\/www.brode-art.eu\/wp-content\/uploads\/2014\/12\/IMG_4784-1024x713-550x383.jpg 550w, http:\/\/www.brode-art.eu\/wp-content\/uploads\/2014\/12\/IMG_4784-1024x713-800x557.jpg 800w, http:\/\/www.brode-art.eu\/wp-content\/uploads\/2014\/12\/IMG_4784-1024x713-259x180.jpg 259w, http:\/\/www.brode-art.eu\/wp-content\/uploads\/2014\/12\/IMG_4784-1024x713-431x300.jpg 431w, http:\/\/www.brode-art.eu\/wp-content\/uploads\/2014\/12\/IMG_4784-1024x713-718x500.jpg 718w\" sizes=\"auto, (max-width: 300px) 100vw, 300px\" \/><\/a><figcaption id=\"caption-attachment-540\" class=\"wp-caption-text\">Brod\u00e9 par Virginie<\/figcaption><\/figure><\/td>\n<\/tr>\n<\/tbody>\n<\/table>\n<p>Qui se lance ?<\/p>\n<p>Pour recevoir le fichier du logo, envoyez-nous un courriel \u00e0 brode-art@brode-art.eu avec votre adresse mail. A bient\u00f4t.<\/p>\n","protected":false},"excerpt":{"rendered":"<p>Nous invitons&nbsp; nos adh\u00e9rents \u00e0 broder le logo de notre association. Les consignes sont simples : il faut respecter la typographie et les couleurs, pour le reste, laisser libre cours \u00e0 son imagination, choisir les mati\u00e8res et les techniques. Et voila le logo brod\u00e9 par Caroline : un talent incontestable. Qui se lance ? Pour&#8230; <\/p>\n<div class=\"link-more\"><a href=\"http:\/\/www.brode-art.eu\/?page_id=471\">En savoir plus<\/a><\/div>\n","protected":false},"author":2,"featured_media":0,"parent":0,"menu_order":2,"comment_status":"closed","ping_status":"open","template":"","meta":{"footnotes":""},"class_list":["post-471","page","type-page","status-publish","hentry"],"jetpack_sharing_enabled":true,"_links":{"self":[{"href":"http:\/\/www.brode-art.eu\/index.php?rest_route=\/wp\/v2\/pages\/471","targetHints":{"allow":["GET"]}}],"collection":[{"href":"http:\/\/www.brode-art.eu\/index.php?rest_route=\/wp\/v2\/pages"}],"about":[{"href":"http:\/\/www.brode-art.eu\/index.php?rest_route=\/wp\/v2\/types\/page"}],"author":[{"embeddable":true,"href":"http:\/\/www.brode-art.eu\/index.php?rest_route=\/wp\/v2\/users\/2"}],"replies":[{"embeddable":true,"href":"http:\/\/www.brode-art.eu\/index.php?rest_route=%2Fwp%2Fv2%2Fcomments&post=471"}],"version-history":[{"count":10,"href":"http:\/\/www.brode-art.eu\/index.php?rest_route=\/wp\/v2\/pages\/471\/revisions"}],"predecessor-version":[{"id":977,"href":"http:\/\/www.brode-art.eu\/index.php?rest_route=\/wp\/v2\/pages\/471\/revisions\/977"}],"wp:attachment":[{"href":"http:\/\/www.brode-art.eu\/index.php?rest_route=%2Fwp%2Fv2%2Fmedia&parent=471"}],"curies":[{"name":"wp","href":"https:\/\/api.w.org\/{rel}","templated":true}]}}