{"id":7,"date":"2014-03-18T16:04:18","date_gmt":"2014-03-18T15:04:18","guid":{"rendered":"http:\/\/www.brode-art.eu\/?page_id=7"},"modified":"2022-08-29T12:52:18","modified_gmt":"2022-08-29T11:52:18","slug":"test","status":"publish","type":"page","link":"http:\/\/www.brode-art.eu\/?page_id=7","title":{"rendered":"Bienvenue"},"content":{"rendered":"<p>Bienvenue sur le blog de Brode-Art, l&rsquo;association pour la promotion de la Broderie d&rsquo;Art.<\/p>\n<p>Brode-Art a \u00e9t\u00e9 cr\u00e9\u00e9e afin de faire connaitre la Broderie d&rsquo;Art au plus grand nombre.<br \/>\nPour ce faire, nous proposons des d\u00e9monstrations de Broderie d&rsquo;Art \u00e0 l&rsquo;occasion de salons ou d&rsquo;expositions, elles sont annonc\u00e9es dans la rubrique \u00ab\u00a0Nos actualit\u00e9s\u00a0\u00bb.<br \/>\nNous avons \u00e9galement organis\u00e9 \u00e9galement une grande exposition de Broderie d&rsquo;Art, \u00ab\u00a0Talents\u00a0\u00bb qui s&rsquo;est tenue \u00e0 Strasbourg en avril 2015. La prochaine \u00e9dition est en pr\u00e9paration pour le printemps 2017.<br \/>\nAinsi que des formations \u00e0 la Broderie au crochet de Lun\u00e9ville avec visite de l&rsquo;Alsace.<\/p>\n<p>Cette association est n\u00e9e de la passion de 6 brodeuses : Agn\u00e8s, Caroline, Catherine, Cathy, Christiane et Marie-Andr\u00e9e, ainsi que d&rsquo;une jeune designer, Am\u00e9lia.<\/p>\n<p>D\u00e9sormais, l&rsquo;\u00e9quipe est compos\u00e9e de Am\u00e9lia, Catherine, Caroline, Christiane, im\u00e8ne et Marie-Laure.<\/p>\n","protected":false},"excerpt":{"rendered":"<p>Bienvenue sur le blog de Brode-Art, l&rsquo;association pour la promotion de la Broderie d&rsquo;Art. Brode-Art a \u00e9t\u00e9 cr\u00e9\u00e9e afin de faire connaitre la Broderie d&rsquo;Art au plus grand nombre. Pour ce faire, nous proposons des d\u00e9monstrations de Broderie d&rsquo;Art \u00e0 l&rsquo;occasion de salons ou d&rsquo;expositions, elles sont annonc\u00e9es dans la rubrique \u00ab\u00a0Nos actualit\u00e9s\u00a0\u00bb. Nous avons&#8230; <\/p>\n<div class=\"link-more\"><a href=\"http:\/\/www.brode-art.eu\/?page_id=7\">En savoir plus<\/a><\/div>\n","protected":false},"author":1,"featured_media":0,"parent":0,"menu_order":3,"comment_status":"closed","ping_status":"open","template":"","meta":{"footnotes":""},"class_list":["post-7","page","type-page","status-publish","hentry"],"jetpack_sharing_enabled":true,"_links":{"self":[{"href":"http:\/\/www.brode-art.eu\/index.php?rest_route=\/wp\/v2\/pages\/7","targetHints":{"allow":["GET"]}}],"collection":[{"href":"http:\/\/www.brode-art.eu\/index.php?rest_route=\/wp\/v2\/pages"}],"about":[{"href":"http:\/\/www.brode-art.eu\/index.php?rest_route=\/wp\/v2\/types\/page"}],"author":[{"embeddable":true,"href":"http:\/\/www.brode-art.eu\/index.php?rest_route=\/wp\/v2\/users\/1"}],"replies":[{"embeddable":true,"href":"http:\/\/www.brode-art.eu\/index.php?rest_route=%2Fwp%2Fv2%2Fcomments&post=7"}],"version-history":[{"count":9,"href":"http:\/\/www.brode-art.eu\/index.php?rest_route=\/wp\/v2\/pages\/7\/revisions"}],"predecessor-version":[{"id":666,"href":"http:\/\/www.brode-art.eu\/index.php?rest_route=\/wp\/v2\/pages\/7\/revisions\/666"}],"wp:attachment":[{"href":"http:\/\/www.brode-art.eu\/index.php?rest_route=%2Fwp%2Fv2%2Fmedia&parent=7"}],"curies":[{"name":"wp","href":"https:\/\/api.w.org\/{rel}","templated":true}]}}