{"id":97,"date":"2014-05-16T11:23:26","date_gmt":"2014-05-16T10:23:26","guid":{"rendered":"http:\/\/www.brode-art.eu\/?page_id=97"},"modified":"2022-08-29T12:52:58","modified_gmt":"2022-08-29T11:52:58","slug":"pourquoi-adherer","status":"publish","type":"page","link":"http:\/\/www.brode-art.eu\/?page_id=97","title":{"rendered":"Adh\u00e9rer \u00e0 Brode-Art"},"content":{"rendered":"<p>Nous vous invitons \u00e0 rejoindre notre association en adh\u00e9rant \u00e0 Brode-Art afin de :<\/p>\n<p>&#8211; soutenir nos actions en vue de promouvoir la Broderie d&rsquo;Art<br \/>\n&#8211; obtenir un tarif pr\u00e9f\u00e9rentiel aux stages de broderie anim\u00e9s par Caroline Gamb<br \/>\n&#8211; obtenir une entr\u00e9e gratuite \u00e0&nbsp; l&rsquo;exposition de Broderie que nous organisons<br \/>\n&#8211; participer aux ateliers de loisirs cr\u00e9atifs ou visites que nous organisons dans la r\u00e9gion de Strasbourg, r\u00e9serv\u00e9s \u00e0 nos adh\u00e9rents (r\u00e9alisation de planches d&rsquo;art textile, initiation \u00e0 la broderie Hardanger, initiation \u00e0 la d\u00e9coupe de papier, \u00e0 la r\u00e9alisation d&rsquo;objets en papier m\u00e2ch\u00e9, visite d&rsquo;expositions et de salons, etc&#8230;).<br \/>\n&#8211; devenir b\u00e9n\u00e9vole et participer \u00e0 des d\u00e9monstrations de Broderie d&rsquo;Art ou \u00e0 l&rsquo;organisation de notre exposition.<\/p>\n<p>L&rsquo;adh\u00e9sion \u00e0 Brode-Art s&rsquo;\u00e9l\u00e8ve \u00e0 10 \u20ac pour une ann\u00e9e.<br \/>\nSi vous d\u00e9sirez adh\u00e9rer, <strong>veuillez t\u00e9l\u00e9charger le bulletin d&rsquo;adh\u00e9sion <a href=\"http:\/\/www.brode-art.eu\/wp-content\/uploads\/2020\/01\/Bulletin-dadhe\u0301sion_20...pdf\">Bulletin d&rsquo;adhe\u0301sion Brode-Art.PDF<\/a>,<\/strong> le compl\u00e9ter et nous le retourner par voie postale accompagn\u00e9 du ch\u00e8que de r\u00e8glement de l&rsquo;adh\u00e9sion \u00e0<br \/>\nBRODE-ART<br \/>\n7 Rue Maettelfeld 67400 Illkirch Graffenstaden<\/p>\n<p>Si vous d\u00e9sirez de plus amples informations, n&rsquo;h\u00e9sitez pas \u00e0 nous contacter par courriel \u00e0 brode-art@brode-art.eu, nous nous ferons un plaisir de vous renseigner.<\/p>\n","protected":false},"excerpt":{"rendered":"<p>Nous vous invitons \u00e0 rejoindre notre association en adh\u00e9rant \u00e0 Brode-Art afin de : &#8211; soutenir nos actions en vue de promouvoir la Broderie d&rsquo;Art &#8211; obtenir un tarif pr\u00e9f\u00e9rentiel aux stages de broderie anim\u00e9s par Caroline Gamb &#8211; obtenir une entr\u00e9e gratuite \u00e0&nbsp; l&rsquo;exposition de Broderie que nous organisons &#8211; participer aux ateliers de&#8230; <\/p>\n<div class=\"link-more\"><a href=\"http:\/\/www.brode-art.eu\/?page_id=97\">En savoir plus<\/a><\/div>\n","protected":false},"author":2,"featured_media":0,"parent":0,"menu_order":4,"comment_status":"closed","ping_status":"open","template":"","meta":{"footnotes":""},"class_list":["post-97","page","type-page","status-publish","hentry"],"jetpack_sharing_enabled":true,"_links":{"self":[{"href":"http:\/\/www.brode-art.eu\/index.php?rest_route=\/wp\/v2\/pages\/97","targetHints":{"allow":["GET"]}}],"collection":[{"href":"http:\/\/www.brode-art.eu\/index.php?rest_route=\/wp\/v2\/pages"}],"about":[{"href":"http:\/\/www.brode-art.eu\/index.php?rest_route=\/wp\/v2\/types\/page"}],"author":[{"embeddable":true,"href":"http:\/\/www.brode-art.eu\/index.php?rest_route=\/wp\/v2\/users\/2"}],"replies":[{"embeddable":true,"href":"http:\/\/www.brode-art.eu\/index.php?rest_route=%2Fwp%2Fv2%2Fcomments&post=97"}],"version-history":[{"count":25,"href":"http:\/\/www.brode-art.eu\/index.php?rest_route=\/wp\/v2\/pages\/97\/revisions"}],"predecessor-version":[{"id":980,"href":"http:\/\/www.brode-art.eu\/index.php?rest_route=\/wp\/v2\/pages\/97\/revisions\/980"}],"wp:attachment":[{"href":"http:\/\/www.brode-art.eu\/index.php?rest_route=%2Fwp%2Fv2%2Fmedia&parent=97"}],"curies":[{"name":"wp","href":"https:\/\/api.w.org\/{rel}","templated":true}]}}